{"id":1397,"date":"2022-05-18T11:48:24","date_gmt":"2022-05-18T09:48:24","guid":{"rendered":"https:\/\/arguitex.net\/?page_id=1397"},"modified":"2023-07-03T15:00:57","modified_gmt":"2023-07-03T13:00:57","slug":"chaussettespersonnalisees","status":"publish","type":"page","link":"https:\/\/arguitex.net\/index.php\/chaussettespersonnalisees\/","title":{"rendered":"Commander"},"content":{"rendered":"<div class=\"fusion-fullwidth fullwidth-box fusion-builder-row-1 fusion-flex-container has-pattern-background has-mask-background fusion-parallax-none nonhundred-percent-fullwidth non-hundred-percent-height-scrolling\" style=\"--awb-background-position:left top;--awb-border-sizes-top:0px;--awb-border-sizes-bottom:0px;--awb-border-sizes-left:0px;--awb-border-sizes-right:0px;--awb-border-radius-top-left:0px;--awb-border-radius-top-right:0px;--awb-border-radius-bottom-right:0px;--awb-border-radius-bottom-left:0px;--awb-padding-top:5%;--awb-padding-bottom:6%;--awb-background-color:var(--awb-color2);--awb-background-image:url(&quot;http:\/\/arguitex.net\/wp-content\/uploads\/2023\/03\/fond2-1200x585.jpg&quot;);--awb-background-size:cover;--awb-flex-wrap:wrap;\" ><div class=\"fusion-builder-row fusion-row fusion-flex-align-items-flex-start fusion-flex-content-wrap\" style=\"max-width:1248px;margin-left: calc(-4% \/ 2 );margin-right: calc(-4% \/ 2 );\"><div class=\"fusion-layout-column fusion_builder_column fusion-builder-column-0 fusion_builder_column_1_1 1_1 fusion-flex-column\" style=\"--awb-bg-size:cover;--awb-width-large:100%;--awb-margin-top-large:0px;--awb-spacing-right-large:1.92%;--awb-margin-bottom-large:20px;--awb-spacing-left-large:1.92%;--awb-width-medium:100%;--awb-order-medium:0;--awb-spacing-right-medium:1.92%;--awb-spacing-left-medium:1.92%;--awb-width-small:100%;--awb-order-small:0;--awb-spacing-right-small:1.92%;--awb-spacing-left-small:1.92%;\"><div class=\"fusion-column-wrapper fusion-column-has-shadow fusion-flex-justify-content-flex-start fusion-content-layout-column\"><div class=\"fusion-title title fusion-title-1 fusion-sep-none fusion-title-text fusion-title-size-one\" style=\"--awb-text-color:var(--awb-color8);--awb-font-size:40px;\"><h1 class=\"fusion-title-heading title-heading-left\" style=\"font-family:&quot;Barlow&quot;;font-style:normal;font-weight:700;margin:0;font-size:1em;text-transform:uppercase;\"><p style=\"text-align: center;\">COMMENT COMMANDER VOS CHAUsSETTES PERSONALIS\u00e9es?<\/p><\/h1><\/div><div class=\"fusion-separator fusion-full-width-sep\" style=\"align-self: center;margin-left: auto;margin-right: auto;width:100%;\"><\/div><\/div><\/div><div class=\"fusion-layout-column fusion_builder_column fusion-builder-column-1 fusion_builder_column_1_2 1_2 fusion-flex-column\" style=\"--awb-bg-size:cover;--awb-width-large:50%;--awb-margin-top-large:0px;--awb-spacing-right-large:3.84%;--awb-margin-bottom-large:20px;--awb-spacing-left-large:3.84%;--awb-width-medium:50%;--awb-order-medium:0;--awb-spacing-right-medium:3.84%;--awb-spacing-left-medium:3.84%;--awb-width-small:100%;--awb-order-small:0;--awb-spacing-right-small:1.92%;--awb-spacing-left-small:1.92%;\"><div class=\"fusion-column-wrapper fusion-column-has-shadow fusion-flex-justify-content-flex-start fusion-content-layout-column\"><div class=\"fusion-text fusion-text-1\" style=\"--awb-font-size:14px;--awb-text-font-family:&quot;Barlow&quot;;--awb-text-font-style:italic;--awb-text-font-weight:300;\"><p>Notre exp\u00e9rience et notre professionnalisme nous permettent d\u2019entretenir une relation fluide, en toute confiance et simplicit\u00e9 avec vous.<br \/>\nD\u00e8s le d\u00e9but de la collaboration, nous nous montrons \u00e0 l\u2019\u00e9coute de vos besoins pour fournir des produits adapt\u00e9s, les chaussettes sportives personnalis\u00e9es dont vous r\u00eavez.<br \/>\nNous travaillons dans la transparence, respectons les engagements (d\u00e9lais et qualit\u00e9) pour atteindre votre enti\u00e8re satisfaction<\/p>\n<\/div><\/div><\/div><div class=\"fusion-layout-column fusion_builder_column fusion-builder-column-2 fusion_builder_column_1_2 1_2 fusion-flex-column\" style=\"--awb-bg-size:cover;--awb-width-large:50%;--awb-margin-top-large:0px;--awb-spacing-right-large:3.84%;--awb-margin-bottom-large:20px;--awb-spacing-left-large:3.84%;--awb-width-medium:50%;--awb-order-medium:0;--awb-spacing-right-medium:3.84%;--awb-spacing-left-medium:3.84%;--awb-width-small:100%;--awb-order-small:0;--awb-spacing-right-small:1.92%;--awb-spacing-left-small:1.92%;\"><div class=\"fusion-column-wrapper fusion-column-has-shadow fusion-flex-justify-content-flex-start fusion-content-layout-column\"><div class=\"fusion-text fusion-text-2\" style=\"--awb-font-size:14px;--awb-text-font-family:&quot;Barlow&quot;;--awb-text-font-style:normal;--awb-text-font-weight:400;\"><p><b style=\"color: var(--awb-color4); font-size: 16px; font-family: Barlow; font-weight: 800; line-height: 27.52px; letter-spacing: 1px;\" data-fusion-font=\"true\" data-fusion-google-font=\"Barlow\" data-fusion-google-variant=\"800\">Pour commander, rien de plus simple :<\/b><\/p>\n<ul>\n<li style=\"font-family: Barlow; font-weight: 500;\" data-fusion-font=\"true\" data-fusion-google-font=\"Barlow\" data-fusion-google-variant=\"500\"><span style=\"line-height: 38px;\" data-fusion-font=\"true\">Envoi du logo OU cr\u00e9ation de la chaussette personnalis\u00e9e en ligne<\/span><\/li>\n<li style=\"font-family: Barlow; font-weight: 500;\" data-fusion-font=\"true\" data-fusion-google-font=\"Barlow\" data-fusion-google-variant=\"500\"><span style=\"line-height: 38px;\" data-fusion-font=\"true\"> Mise au point de votre chaussette personnalis\u00e9e<\/span><\/li>\n<li style=\"font-family: Barlow; font-weight: 500;\" data-fusion-font=\"true\" data-fusion-google-font=\"Barlow\" data-fusion-google-variant=\"500\"><span style=\"line-height: 38px;\" data-fusion-font=\"true\"> Fourniture d\u2019une maquette informatique finalis\u00e9e (B.A.T) avant le feu vert pour la fabrication<\/span><\/li>\n<li style=\"font-family: Barlow; font-weight: 500;\" data-fusion-font=\"true\" data-fusion-google-font=\"Barlow\" data-fusion-google-variant=\"500\"><span style=\"line-height: 38px;\" data-fusion-font=\"true\"> Engagement et respect sur un d\u00e9lai de livraison<\/span><\/li>\n<li style=\"font-family: Barlow; font-weight: 500;\" data-fusion-font=\"true\" data-fusion-google-font=\"Barlow\" data-fusion-google-variant=\"500\"><span style=\"line-height: 38px;\" data-fusion-font=\"true\">Fabrication<\/span><\/li>\n<li style=\"font-family: Barlow; font-weight: 500;\" data-fusion-font=\"true\" data-fusion-google-font=\"Barlow\" data-fusion-google-variant=\"500\"><span style=\"line-height: 38px;\" data-fusion-font=\"true\">Livraison<\/span><\/li>\n<\/ul>\n<p style=\"font-family: Barlow; font-style: italic; font-weight: 200;\" data-fusion-font=\"true\" data-fusion-google-font=\"Barlow\" data-fusion-google-variant=\"200italic\">*Possibilit\u00e9 de r\u00e9assort \u00e0 tout moment.<\/p>\n<p><b>En quelques clics, la commande est pass\u00e9e !<\/b><\/p>\n<\/div><\/div><\/div><\/div><\/div>\n","protected":false},"excerpt":{"rendered":"","protected":false},"author":1,"featured_media":0,"parent":0,"menu_order":0,"comment_status":"closed","ping_status":"closed","template":"100-width.php","meta":{"footnotes":""},"class_list":["post-1397","page","type-page","status-publish","hentry"],"_links":{"self":[{"href":"https:\/\/arguitex.net\/index.php\/wp-json\/wp\/v2\/pages\/1397","targetHints":{"allow":["GET"]}}],"collection":[{"href":"https:\/\/arguitex.net\/index.php\/wp-json\/wp\/v2\/pages"}],"about":[{"href":"https:\/\/arguitex.net\/index.php\/wp-json\/wp\/v2\/types\/page"}],"author":[{"embeddable":true,"href":"https:\/\/arguitex.net\/index.php\/wp-json\/wp\/v2\/users\/1"}],"replies":[{"embeddable":true,"href":"https:\/\/arguitex.net\/index.php\/wp-json\/wp\/v2\/comments?post=1397"}],"version-history":[{"count":35,"href":"https:\/\/arguitex.net\/index.php\/wp-json\/wp\/v2\/pages\/1397\/revisions"}],"predecessor-version":[{"id":2228,"href":"https:\/\/arguitex.net\/index.php\/wp-json\/wp\/v2\/pages\/1397\/revisions\/2228"}],"wp:attachment":[{"href":"https:\/\/arguitex.net\/index.php\/wp-json\/wp\/v2\/media?parent=1397"}],"curies":[{"name":"wp","href":"https:\/\/api.w.org\/{rel}","templated":true}]}}