{"id":10,"date":"2016-08-04T08:17:59","date_gmt":"2016-08-04T06:17:59","guid":{"rendered":"http:\/\/arguitex.net\/?page_id=10"},"modified":"2023-07-03T14:59:46","modified_gmt":"2023-07-03T12:59:46","slug":"la-fabrication","status":"publish","type":"page","link":"https:\/\/arguitex.net\/index.php\/la-fabrication\/","title":{"rendered":"LA FABRICATION"},"content":{"rendered":"<p><div class=\"fusion-fullwidth fullwidth-box fusion-builder-row-1 fusion-flex-container has-pattern-background has-mask-background fusion-parallax-none nonhundred-percent-fullwidth hundred-percent-height hundred-percent-height-center-content non-hundred-percent-height-scrolling\" style=\"--awb-border-sizes-top:0px;--awb-border-sizes-bottom:0px;--awb-border-sizes-left:0px;--awb-border-sizes-right:0px;--awb-border-radius-top-left:0px;--awb-border-radius-top-right:0px;--awb-border-radius-bottom-right:0px;--awb-border-radius-bottom-left:0px;--awb-padding-top:5%;--awb-padding-bottom:6%;--awb-background-image:url(&quot;http:\/\/arguitex.net\/wp-content\/uploads\/2023\/03\/DSC06233-1200x1200.jpg&quot;);--awb-background-size:cover;--awb-flex-wrap:wrap;\" ><div class=\"fusion-builder-row fusion-row fusion-flex-align-items-flex-start fusion-flex-align-content-center fusion-flex-justify-content-center fusion-flex-content-wrap\" style=\"max-width:calc( 1200px + 0px );margin-left: calc(-0px \/ 2 );margin-right: calc(-0px \/ 2 );\"><div class=\"fusion-layout-column fusion_builder_column fusion-builder-column-0 fusion_builder_column_2_3 2_3 fusion-flex-column fusion-animated\" style=\"--awb-bg-blend:overlay;--awb-bg-size:cover;--awb-width-large:66.666666666667%;--awb-margin-top-large:60px;--awb-spacing-right-large:0px;--awb-margin-bottom-large:70px;--awb-spacing-left-large:0px;--awb-width-medium:66.666666666667%;--awb-spacing-right-medium:0px;--awb-spacing-left-medium:0px;--awb-width-small:100%;--awb-spacing-right-small:0px;--awb-spacing-left-small:0px;\" data-animationType=\"fadeInDown\" data-animationDuration=\"1.0\" data-animationOffset=\"top-into-view\"><div class=\"fusion-column-wrapper fusion-flex-justify-content-flex-start fusion-content-layout-column\"><div class=\"fusion-title title fusion-title-1 fusion-sep-none fusion-title-center fusion-title-text fusion-title-size-four\" style=\"--awb-text-color:var(--awb-color1);--awb-margin-bottom:8px;\"><h4 class=\"fusion-title-heading title-heading-center\" style=\"margin:0;\">ARGUITEX<\/h4><\/div><div class=\"fusion-title title fusion-title-2 fusion-sep-none fusion-title-center fusion-title-text fusion-title-size-one\" style=\"--awb-text-color:var(--awb-color1);--awb-margin-top:15px;--awb-font-size:90px;\"><h1 class=\"fusion-title-heading title-heading-center\" style=\"font-family:&quot;Barlow&quot;;font-style:normal;font-weight:700;margin:0;font-size:1em;\">LA FABRICATION<\/h1><\/div><i class=\"fb-icon-element-1 fb-icon-element fontawesome-icon awb-sports-ellipsis-h circle-no\" style=\"--awb-font-size:0px;--awb-align-self:center;--awb-margin-top:0px;--awb-margin-right:0px;--awb-margin-bottom:30px;--awb-margin-left:0px;\"><\/i><div class=\"fusion-text fusion-text-1\" style=\"--awb-content-alignment:center;--awb-font-size:20px;--awb-line-height:34px;--awb-text-color:var(--awb-color1);--awb-text-font-family:&quot;Barlow&quot;;--awb-text-font-style:normal;--awb-text-font-weight:500;\"><p>Entrez dans le c\u0153ur de la fabrication de nos chaussettes dans notre atelier situ\u00e9 \u00e0 Briatexte dans le Tarn.<\/p>\n<\/div><\/div><\/div><\/div><\/div><div class=\"fusion-fullwidth fullwidth-box fusion-builder-row-2 fusion-flex-container hundred-percent-fullwidth non-hundred-percent-height-scrolling\" style=\"--awb-background-position:left top;--awb-border-sizes-top:0px;--awb-border-sizes-bottom:0px;--awb-border-sizes-left:0px;--awb-border-sizes-right:0px;--awb-border-color:#494949;--awb-border-radius-top-left:0px;--awb-border-radius-top-right:0px;--awb-border-radius-bottom-right:0px;--awb-border-radius-bottom-left:0px;--awb-padding-top:2%;--awb-padding-right:12%;--awb-padding-bottom:5%;--awb-padding-left:12%;--awb-background-color:var(--awb-custom_color_2);--awb-flex-wrap:wrap;\" ><div class=\"fusion-builder-row fusion-row fusion-flex-align-items-flex-start fusion-flex-content-wrap\" style=\"width:calc( 100% + 0px ) !important;max-width:calc( 100% + 0px ) !important;margin-left: calc(-0px \/ 2 );margin-right: calc(-0px \/ 2 );\"><div class=\"fusion-layout-column fusion_builder_column fusion-builder-column-1 fusion_builder_column_1_1 1_1 fusion-flex-column\" style=\"--awb-bg-color:var(--awb-custom_color_2);--awb-bg-color-hover:var(--awb-custom_color_2);--awb-bg-blend:overlay;--awb-bg-size:cover;--awb-border-color:#f7f7f7;--awb-border-top:0px;--awb-border-right:0px;--awb-border-bottom:0px;--awb-border-left:0px;--awb-border-style:solid;--awb-filter:brightness(101%);--awb-filter-transition:filter 0.3s ease;--awb-filter-hover:brightness(100%);--awb-width-large:100%;--awb-margin-top-large:60px;--awb-spacing-right-large:0px;--awb-margin-bottom-large:30px;--awb-spacing-left-large:0px;--awb-width-medium:100%;--awb-spacing-right-medium:0px;--awb-spacing-left-medium:0px;--awb-width-small:100%;--awb-spacing-right-small:0px;--awb-spacing-left-small:0px;\"><div class=\"fusion-column-wrapper fusion-flex-justify-content-flex-start fusion-content-layout-column\"><div class=\"fusion-blog-shortcode fusion-blog-shortcode-1 fusion-blog-archive fusion-blog-layout-medium fusion-blog-no\" style=\"--awb-title-font-size:25px;--awb-title-text-transform:uppercase;--awb-title-font-family:&quot;Barlow&quot;;--awb-title-font-style:normal;--awb-title-font-weight:700;\"><div class=\"fusion-posts-container fusion-posts-container-no fusion-blog-rollover\" data-pages=\"1\"><article id=\"blog-1-post-1929\" class=\"fusion-post-medium post-1929 post type-post status-publish format-standard has-post-thumbnail hentry category-articles tag-made-in-france tag-personnalisees tag-sport\">\n\t<style type=\"text\/css\">\n\t\t\n\t\t\n\t\t\n\t\t\n\t\t\t<\/style>\n\n\n\t\t\t<div class=\"fusion-flexslider flexslider fusion-flexslider-loading fusion-post-slideshow\" style=\"\">\n\t\t<ul class=\"slides\">\n\t\t\t\n\t\t\t\t\t\t\t\t\t\t\t\t\t\t<li><div  class=\"fusion-image-wrapper fusion-image-size-fixed\" aria-haspopup=\"true\">\n\t\t\t\t<img decoding=\"async\" width=\"320\" height=\"202\" src=\"https:\/\/arguitex.net\/wp-content\/uploads\/2023\/03\/Briatexte_eglise_Notre_Dame_de_Beaulieu-320x202.jpg\" class=\"attachment-blog-medium size-blog-medium wp-post-image\" alt=\"\" srcset=\"https:\/\/arguitex.net\/wp-content\/uploads\/2023\/03\/Briatexte_eglise_Notre_Dame_de_Beaulieu-320x202.jpg 320w, https:\/\/arguitex.net\/wp-content\/uploads\/2023\/03\/Briatexte_eglise_Notre_Dame_de_Beaulieu-700x441.jpg 700w\" sizes=\"(max-width: 320px) 100vw, 320px\" \/><div class=\"fusion-rollover\">\n\t<div class=\"fusion-rollover-content\">\n\n\t\t\t\t\t\t\t\t\t\t\t\t\t\t<a class=\"fusion-rollover-link\" href=\"https:\/\/arguitex.net\/index.php\/2023\/03\/28\/le-savoir-faire-made-in-france-les-chaussettes-arguitex\/\">Le savoir-faire Made in France, les chaussettes Arguitex.<\/a>\n\t\t\t\n\t\t\t\t\t\t\t\t\t\t\t\t\t\t\n\t\t\t\t\t\t\t\t\n\t\t\t\t\t\t\t\t\t\t\t\t\t<div class=\"fusion-rollover-sep\"><\/div>\n\t\t\t\t\n\t\t\t\t\t\t\t\t\t\t\t\t\t\t\t\t\t\t<a class=\"fusion-rollover-gallery\" href=\"https:\/\/arguitex.net\/wp-content\/uploads\/2023\/03\/Briatexte_eglise_Notre_Dame_de_Beaulieu-scaled.jpg\" data-id=\"1929\" data-rel=\"iLightbox[gallery]\" data-title=\"Briatexte_eglise_Notre_Dame_de_Beaulieu\" data-caption=\"\">\n\t\t\t\t\t\tGalerie\t\t\t\t\t<\/a>\n\t\t\t\t\t\t\t\t\t\t\t\t\t\t\n\t\t\n\t\t\t\t\t\t\t\t\t\t\t\t<h4 class=\"fusion-rollover-title\">\n\t\t\t\t\t<a class=\"fusion-rollover-title-link\" href=\"https:\/\/arguitex.net\/index.php\/2023\/03\/28\/le-savoir-faire-made-in-france-les-chaussettes-arguitex\/\">\n\t\t\t\t\t\tLe savoir-faire Made in France, les chaussettes Arguitex.\t\t\t\t\t<\/a>\n\t\t\t\t<\/h4>\n\t\t\t\n\t\t\t\t\t\t\t\t\t\t<div class=\"fusion-rollover-categories\"><a href=\"https:\/\/arguitex.net\/index.php\/category\/articles\/\" rel=\"tag\">Articles<\/a><\/div>\t\t\t\t\t\n\t\t\n\t\t\t\t\t\t<a class=\"fusion-link-wrapper\" href=\"https:\/\/arguitex.net\/index.php\/2023\/03\/28\/le-savoir-faire-made-in-france-les-chaussettes-arguitex\/\" aria-label=\"Le savoir-faire Made in France, les chaussettes Arguitex.\"><\/a>\n\t<\/div>\n<\/div>\n<\/div>\n<\/li>\n\t\t\t\n\t\t\t\n\t\t\t\t\t\t\t\t\t\t\t\t\t\t\t\t\t\t\t\t\t\t\t\t\t\t\t\t\t\t\t\t\t\t\t\t\t\t\t\t\t\t\t\t\t\t\t\t\t\t\t\t\t\t\t\t\t\t\t\t\t\t\t\t\t\t\t\t<\/ul>\n\t<\/div>\n\t<div class=\"fusion-post-content post-content\"><h1 class=\"blog-shortcode-post-title entry-title\"><a href=\"https:\/\/arguitex.net\/index.php\/2023\/03\/28\/le-savoir-faire-made-in-france-les-chaussettes-arguitex\/\">Le savoir-faire Made in France, les chaussettes Arguitex.<\/a><\/h1><div class=\"fusion-post-content-container\"><\/div><\/div><div class=\"fusion-clearfix\"><\/div><div class=\"fusion-meta-info\"><div class=\"fusion-alignleft\"><span class=\"vcard\" style=\"display: none;\"><span class=\"fn\"><a href=\"https:\/\/arguitex.net\/index.php\/author\/mperezmaiwin-fr\/\" title=\"Articles par mperez@maiwin.fr\" rel=\"author\">mperez@maiwin.fr<\/a><\/span><\/span><span class=\"updated\" style=\"display:none;\">2023-06-20T17:24:04+02:00<\/span><span>28 mars 2023<\/span><span class=\"fusion-inline-sep\">|<\/span><\/div><\/div><\/article>\n<article id=\"blog-1-post-124\" class=\"fusion-post-medium post-124 post type-post status-publish format-standard has-post-thumbnail hentry category-articles\">\n\t<style type=\"text\/css\">\n\t\t\n\t\t\n\t\t\n\t\t\n\t\t\t<\/style>\n\n\n\t\t\t<div class=\"fusion-flexslider flexslider fusion-flexslider-loading fusion-post-slideshow\" style=\"\">\n\t\t<ul class=\"slides\">\n\t\t\t\n\t\t\t\t\t\t\t\t\t\t\t\t\t\t<li><div  class=\"fusion-image-wrapper fusion-image-size-fixed\" aria-haspopup=\"true\">\n\t\t\t\t<img decoding=\"async\" width=\"320\" height=\"202\" src=\"https:\/\/arguitex.net\/wp-content\/uploads\/2023\/03\/DSC06066-320x202.jpg\" class=\"attachment-blog-medium size-blog-medium wp-post-image\" alt=\"\" srcset=\"https:\/\/arguitex.net\/wp-content\/uploads\/2023\/03\/DSC06066-320x202.jpg 320w, https:\/\/arguitex.net\/wp-content\/uploads\/2023\/03\/DSC06066-700x441.jpg 700w\" sizes=\"(max-width: 320px) 100vw, 320px\" \/><div class=\"fusion-rollover\">\n\t<div class=\"fusion-rollover-content\">\n\n\t\t\t\t\t\t\t\t\t\t\t\t\t\t<a class=\"fusion-rollover-link\" href=\"https:\/\/arguitex.net\/index.php\/2023\/03\/10\/6-raisons-de-commander-arguitex\/\">6 raisons de commander Arguitex<\/a>\n\t\t\t\n\t\t\t\t\t\t\t\t\t\t\t\t\t\t\n\t\t\t\t\t\t\t\t\n\t\t\t\t\t\t\t\t\t\t\t\t\t<div class=\"fusion-rollover-sep\"><\/div>\n\t\t\t\t\n\t\t\t\t\t\t\t\t\t\t\t\t\t\t\t\t\t\t<a class=\"fusion-rollover-gallery\" href=\"https:\/\/arguitex.net\/wp-content\/uploads\/2023\/03\/DSC06066.jpg\" data-id=\"124\" data-rel=\"iLightbox[gallery]\" data-title=\"DSC06066\" data-caption=\"\">\n\t\t\t\t\t\tGalerie\t\t\t\t\t<\/a>\n\t\t\t\t\t\t\t\t\t\t\t\t\t\t\n\t\t\n\t\t\t\t\t\t\t\t\t\t\t\t<h4 class=\"fusion-rollover-title\">\n\t\t\t\t\t<a class=\"fusion-rollover-title-link\" href=\"https:\/\/arguitex.net\/index.php\/2023\/03\/10\/6-raisons-de-commander-arguitex\/\">\n\t\t\t\t\t\t6 raisons de commander Arguitex\t\t\t\t\t<\/a>\n\t\t\t\t<\/h4>\n\t\t\t\n\t\t\t\t\t\t\t\t\t\t<div class=\"fusion-rollover-categories\"><a href=\"https:\/\/arguitex.net\/index.php\/category\/articles\/\" rel=\"tag\">Articles<\/a><\/div>\t\t\t\t\t\n\t\t\n\t\t\t\t\t\t<a class=\"fusion-link-wrapper\" href=\"https:\/\/arguitex.net\/index.php\/2023\/03\/10\/6-raisons-de-commander-arguitex\/\" aria-label=\"6 raisons de commander Arguitex\"><\/a>\n\t<\/div>\n<\/div>\n<\/div>\n<\/li>\n\t\t\t\n\t\t\t\n\t\t\t\t\t\t\t\t\t\t\t\t\t\t\t\t\t\t\t\t\t\t\t\t\t\t\t\t\t\t\t\t\t\t\t\t\t\t\t\t\t\t\t\t\t\t\t\t\t\t\t\t\t\t\t\t\t\t\t\t\t\t\t\t\t\t\t\t<\/ul>\n\t<\/div>\n\t<div class=\"fusion-post-content post-content\"><h1 class=\"blog-shortcode-post-title entry-title\"><a href=\"https:\/\/arguitex.net\/index.php\/2023\/03\/10\/6-raisons-de-commander-arguitex\/\">6 raisons de commander Arguitex<\/a><\/h1><div class=\"fusion-post-content-container\"><\/div><\/div><div class=\"fusion-clearfix\"><\/div><div class=\"fusion-meta-info\"><div class=\"fusion-alignleft\"><span class=\"vcard\" style=\"display: none;\"><span class=\"fn\"><a href=\"https:\/\/arguitex.net\/index.php\/author\/admin6109\/\" title=\"Articles par admin6109\" rel=\"author\">admin6109<\/a><\/span><\/span><span class=\"updated\" style=\"display:none;\">2023-03-31T11:51:41+02:00<\/span><span>10 mars 2023<\/span><span class=\"fusion-inline-sep\">|<\/span><\/div><\/div><\/article>\n<article id=\"blog-1-post-126\" class=\"fusion-post-medium post-126 post type-post status-publish format-standard has-post-thumbnail hentry category-articles\">\n\t<style type=\"text\/css\">\n\t\t\n\t\t\n\t\t\n\t\t\n\t\t\t<\/style>\n\n\n\t\t\t<div class=\"fusion-flexslider flexslider fusion-flexslider-loading fusion-post-slideshow\" style=\"\">\n\t\t<ul class=\"slides\">\n\t\t\t\n\t\t\t\t\t\t\t\t\t\t\t\t\t\t<li><div  class=\"fusion-image-wrapper fusion-image-size-fixed\" aria-haspopup=\"true\">\n\t\t\t\t<img decoding=\"async\" width=\"320\" height=\"202\" src=\"https:\/\/arguitex.net\/wp-content\/uploads\/2023\/03\/DSC06148-320x202.jpg\" class=\"attachment-blog-medium size-blog-medium wp-post-image\" alt=\"\" srcset=\"https:\/\/arguitex.net\/wp-content\/uploads\/2023\/03\/DSC06148-320x202.jpg 320w, https:\/\/arguitex.net\/wp-content\/uploads\/2023\/03\/DSC06148-700x441.jpg 700w\" sizes=\"(max-width: 320px) 100vw, 320px\" \/><div class=\"fusion-rollover\">\n\t<div class=\"fusion-rollover-content\">\n\n\t\t\t\t\t\t\t\t\t\t\t\t\t\t<a class=\"fusion-rollover-link\" href=\"https:\/\/arguitex.net\/index.php\/2023\/03\/05\/swimming-challenge\/\">La mati\u00e8re<\/a>\n\t\t\t\n\t\t\t\t\t\t\t\t\t\t\t\t\t\t\n\t\t\t\t\t\t\t\t\n\t\t\t\t\t\t\t\t\t\t\t\t\t<div class=\"fusion-rollover-sep\"><\/div>\n\t\t\t\t\n\t\t\t\t\t\t\t\t\t\t\t\t\t\t\t\t\t\t<a class=\"fusion-rollover-gallery\" href=\"https:\/\/arguitex.net\/wp-content\/uploads\/2023\/03\/DSC06148.jpg\" data-id=\"126\" data-rel=\"iLightbox[gallery]\" data-title=\"DSC06148\" data-caption=\"\">\n\t\t\t\t\t\tGalerie\t\t\t\t\t<\/a>\n\t\t\t\t\t\t\t\t\t\t\t\t\t\t\n\t\t\n\t\t\t\t\t\t\t\t\t\t\t\t<h4 class=\"fusion-rollover-title\">\n\t\t\t\t\t<a class=\"fusion-rollover-title-link\" href=\"https:\/\/arguitex.net\/index.php\/2023\/03\/05\/swimming-challenge\/\">\n\t\t\t\t\t\tLa mati\u00e8re\t\t\t\t\t<\/a>\n\t\t\t\t<\/h4>\n\t\t\t\n\t\t\t\t\t\t\t\t\t\t<div class=\"fusion-rollover-categories\"><a href=\"https:\/\/arguitex.net\/index.php\/category\/articles\/\" rel=\"tag\">Articles<\/a><\/div>\t\t\t\t\t\n\t\t\n\t\t\t\t\t\t<a class=\"fusion-link-wrapper\" href=\"https:\/\/arguitex.net\/index.php\/2023\/03\/05\/swimming-challenge\/\" aria-label=\"La mati\u00e8re\"><\/a>\n\t<\/div>\n<\/div>\n<\/div>\n<\/li>\n\t\t\t\n\t\t\t\n\t\t\t\t\t\t\t\t\t\t\t\t\t\t\t\t\t\t\t\t\t\t\t\t\t\t\t\t\t\t\t\t\t\t\t\t\t\t\t\t\t\t\t\t\t\t\t\t\t\t\t\t\t\t\t\t\t\t\t\t\t\t\t\t\t\t\t\t<\/ul>\n\t<\/div>\n\t<div class=\"fusion-post-content post-content\"><h1 class=\"blog-shortcode-post-title entry-title\"><a href=\"https:\/\/arguitex.net\/index.php\/2023\/03\/05\/swimming-challenge\/\">La mati\u00e8re<\/a><\/h1><div class=\"fusion-post-content-container\"><\/div><\/div><div class=\"fusion-clearfix\"><\/div><div class=\"fusion-meta-info\"><div class=\"fusion-alignleft\"><span class=\"vcard\" style=\"display: none;\"><span class=\"fn\"><a href=\"https:\/\/arguitex.net\/index.php\/author\/admin6109\/\" title=\"Articles par admin6109\" rel=\"author\">admin6109<\/a><\/span><\/span><span class=\"updated\" style=\"display:none;\">2023-03-28T16:32:53+02:00<\/span><span>5 mars 2023<\/span><span class=\"fusion-inline-sep\">|<\/span><\/div><\/div><\/article>\n<article id=\"blog-1-post-128\" class=\"fusion-post-medium post-128 post type-post status-publish format-standard has-post-thumbnail hentry category-articles tag-made-in-france tag-personnalisees tag-sport\">\n\t<style type=\"text\/css\">\n\t\t\n\t\t\n\t\t\n\t\t\n\t\t\t<\/style>\n\n\n\t\t\t<div class=\"fusion-flexslider flexslider fusion-flexslider-loading fusion-post-slideshow\" style=\"\">\n\t\t<ul class=\"slides\">\n\t\t\t\n\t\t\t\t\t\t\t\t\t\t\t\t\t\t<li><div  class=\"fusion-image-wrapper fusion-image-size-fixed\" aria-haspopup=\"true\">\n\t\t\t\t<img decoding=\"async\" width=\"320\" height=\"202\" src=\"https:\/\/arguitex.net\/wp-content\/uploads\/2016\/08\/DSC06695-320x202.jpg\" class=\"attachment-blog-medium size-blog-medium wp-post-image\" alt=\"\" srcset=\"https:\/\/arguitex.net\/wp-content\/uploads\/2016\/08\/DSC06695-320x202.jpg 320w, https:\/\/arguitex.net\/wp-content\/uploads\/2016\/08\/DSC06695-700x441.jpg 700w\" sizes=\"(max-width: 320px) 100vw, 320px\" \/><div class=\"fusion-rollover\">\n\t<div class=\"fusion-rollover-content\">\n\n\t\t\t\t\t\t\t\t\t\t\t\t\t\t<a class=\"fusion-rollover-link\" href=\"https:\/\/arguitex.net\/index.php\/2022\/08\/05\/chaussettes-personnalisees-1947-france\/\">Des chaussettes personnalis\u00e9es depuis 1947<\/a>\n\t\t\t\n\t\t\t\t\t\t\t\t\t\t\t\t\t\t\n\t\t\t\t\t\t\t\t\n\t\t\t\t\t\t\t\t\t\t\t\t\t<div class=\"fusion-rollover-sep\"><\/div>\n\t\t\t\t\n\t\t\t\t\t\t\t\t\t\t\t\t\t\t\t\t\t\t<a class=\"fusion-rollover-gallery\" href=\"https:\/\/arguitex.net\/wp-content\/uploads\/2016\/08\/DSC06695.jpg\" data-id=\"128\" data-rel=\"iLightbox[gallery]\" data-title=\"DSC06695\" data-caption=\"\">\n\t\t\t\t\t\tGalerie\t\t\t\t\t<\/a>\n\t\t\t\t\t\t\t\t\t\t\t\t\t\t\n\t\t\n\t\t\t\t\t\t\t\t\t\t\t\t<h4 class=\"fusion-rollover-title\">\n\t\t\t\t\t<a class=\"fusion-rollover-title-link\" href=\"https:\/\/arguitex.net\/index.php\/2022\/08\/05\/chaussettes-personnalisees-1947-france\/\">\n\t\t\t\t\t\tDes chaussettes personnalis\u00e9es depuis 1947\t\t\t\t\t<\/a>\n\t\t\t\t<\/h4>\n\t\t\t\n\t\t\t\t\t\t\t\t\t\t<div class=\"fusion-rollover-categories\"><a href=\"https:\/\/arguitex.net\/index.php\/category\/articles\/\" rel=\"tag\">Articles<\/a><\/div>\t\t\t\t\t\n\t\t\n\t\t\t\t\t\t<a class=\"fusion-link-wrapper\" href=\"https:\/\/arguitex.net\/index.php\/2022\/08\/05\/chaussettes-personnalisees-1947-france\/\" aria-label=\"Des chaussettes personnalis\u00e9es depuis 1947\"><\/a>\n\t<\/div>\n<\/div>\n<\/div>\n<\/li>\n\t\t\t\n\t\t\t\n\t\t\t\t\t\t\t\t\t\t\t\t\t\t\t\t\t\t\t\t\t\t\t\t\t\t\t\t\t\t\t\t\t\t\t\t\t\t\t\t\t\t\t\t\t\t\t\t\t\t\t\t\t\t\t\t\t\t\t\t\t\t\t\t\t\t\t\t<\/ul>\n\t<\/div>\n\t<div class=\"fusion-post-content post-content\"><h1 class=\"blog-shortcode-post-title entry-title\"><a href=\"https:\/\/arguitex.net\/index.php\/2022\/08\/05\/chaussettes-personnalisees-1947-france\/\">Des chaussettes personnalis\u00e9es depuis 1947<\/a><\/h1><div class=\"fusion-post-content-container\"><\/div><\/div><div class=\"fusion-clearfix\"><\/div><div class=\"fusion-meta-info\"><div class=\"fusion-alignleft\"><span class=\"vcard\" style=\"display: none;\"><span class=\"fn\"><a href=\"https:\/\/arguitex.net\/index.php\/author\/admin6109\/\" title=\"Articles par admin6109\" rel=\"author\">admin6109<\/a><\/span><\/span><span class=\"updated\" style=\"display:none;\">2023-07-03T15:45:14+02:00<\/span><span>5 ao\u00fbt 2022<\/span><span class=\"fusion-inline-sep\">|<\/span><\/div><\/div><\/article>\n<\/div><\/div><\/div><\/div><\/div><\/div><\/p>\n","protected":false},"excerpt":{"rendered":"","protected":false},"author":1,"featured_media":0,"parent":0,"menu_order":0,"comment_status":"closed","ping_status":"closed","template":"100-width.php","meta":{"footnotes":""},"class_list":["post-10","page","type-page","status-publish","hentry"],"_links":{"self":[{"href":"https:\/\/arguitex.net\/index.php\/wp-json\/wp\/v2\/pages\/10","targetHints":{"allow":["GET"]}}],"collection":[{"href":"https:\/\/arguitex.net\/index.php\/wp-json\/wp\/v2\/pages"}],"about":[{"href":"https:\/\/arguitex.net\/index.php\/wp-json\/wp\/v2\/types\/page"}],"author":[{"embeddable":true,"href":"https:\/\/arguitex.net\/index.php\/wp-json\/wp\/v2\/users\/1"}],"replies":[{"embeddable":true,"href":"https:\/\/arguitex.net\/index.php\/wp-json\/wp\/v2\/comments?post=10"}],"version-history":[{"count":14,"href":"https:\/\/arguitex.net\/index.php\/wp-json\/wp\/v2\/pages\/10\/revisions"}],"predecessor-version":[{"id":2227,"href":"https:\/\/arguitex.net\/index.php\/wp-json\/wp\/v2\/pages\/10\/revisions\/2227"}],"wp:attachment":[{"href":"https:\/\/arguitex.net\/index.php\/wp-json\/wp\/v2\/media?parent=10"}],"curies":[{"name":"wp","href":"https:\/\/api.w.org\/{rel}","templated":true}]}}